{"id":3510,"date":"2023-12-30T11:31:36","date_gmt":"2023-12-30T10:31:36","guid":{"rendered":"https:\/\/harmonie-financement.fr\/?page_id=3510"},"modified":"2023-12-30T11:31:36","modified_gmt":"2023-12-30T10:31:36","slug":"mentions-legales","status":"publish","type":"page","link":"https:\/\/harmonie-financement.fr\/index.php\/mentions-legales\/","title":{"rendered":"Mentions l\u00e9gales"},"content":{"rendered":"<p><strong>Mentions L\u00e9gales d&rsquo;Harmonie Financement<\/strong><\/p>\n<p><strong>Nom de la soci\u00e9t\u00e9 :<\/strong> Harmonie Financement<\/p>\n<p><strong>Forme juridique : <\/strong>Affaire personnelle commer\u00e7ant<\/p>\n<p><strong>Adresse du si\u00e8ge social : <\/strong>15 RUE DE L EGLISE 02000 CHIVY-LES-ETOUVELLES<\/p>\n<p><strong>Num\u00e9ro de t\u00e9l\u00e9phone :<\/strong> <a href=\"tel:0624703312\">+33 6 24 70 33 12<\/a><\/p>\n<p><strong>Adresse e-mail :<\/strong> contact@harmonie-financement.fr<\/p>\n<p><strong>Num\u00e9ro d&rsquo;immatriculation :<\/strong> SIRET : 87938861900014<\/p>\n<p><strong>Directeur de la publication :<\/strong> SELLIER Laetitia<\/p>\n<p><strong>H\u00e9bergeur du site web :<\/strong> OVH, 2, rue Kellermann, 59100 Roubaix.<\/p>\n<p><strong>Droit d&rsquo;auteur et propri\u00e9t\u00e9 intellectuelle :<\/strong><\/p>\n<p>L&rsquo;ensemble du contenu pr\u00e9sent sur le site <a href=\"http:\/\/www.harmoniefinancement.com\/\" target=\"_new\" rel=\"noopener\">www.harmonie-financement.f<\/a>r, incluant, de mani\u00e8re non exhaustive, les textes, images, graphismes, logos, vid\u00e9os, est la propri\u00e9t\u00e9 exclusive d&rsquo;Harmonie Financement ou de ses partenaires et est prot\u00e9g\u00e9 par les lois relatives au droit d&rsquo;auteur et \u00e0 la propri\u00e9t\u00e9 intellectuelle. Toute reproduction, distribution, modification, ou utilisation de tout ou partie du contenu, sous quelque forme que ce soit, est strictement interdite sans l&rsquo;autorisation pr\u00e9alable \u00e9crite d&rsquo;Harmonie Financement.<\/p>\n<p><strong>Protection des donn\u00e9es personnelles :<\/strong><\/p>\n<p>Conform\u00e9ment \u00e0 la r\u00e9glementation en vigueur en mati\u00e8re de protection des donn\u00e9es personnelles, vous disposez d&rsquo;un droit d&rsquo;acc\u00e8s, de rectification, d&rsquo;opposition et de suppression des donn\u00e9es vous concernant. Pour exercer ces droits, veuillez nous contacter \u00e0 l&rsquo;adresse suivante : <a href=\"mailto:contact@harmonie-financement.fr\">contact@harmonie-financement.fr<\/a><\/p>\n<p><strong>Responsabilit\u00e9 :<\/strong><\/p>\n<p>Harmonie Financement s&rsquo;efforce de fournir des informations exactes et \u00e0 jour sur son site web. Cependant, la soci\u00e9t\u00e9 ne peut garantir l&rsquo;exactitude, l&rsquo;exhaustivit\u00e9 ou la pertinence des informations fournies. En cons\u00e9quence, l&rsquo;utilisation des informations pr\u00e9sent\u00e9es sur le site se fait sous la responsabilit\u00e9 de l&rsquo;utilisateur.<\/p>\n<p><strong>Liens vers des sites tiers :<\/strong><\/p>\n<p>Le site web d&rsquo;Harmonie Financement peut contenir des liens vers des sites web de tiers. Ces liens sont fournis \u00e0 titre informatif uniquement. Harmonie Financement n&rsquo;assume aucune responsabilit\u00e9 quant au contenu de ces sites tiers ni quant aux \u00e9ventuels dommages r\u00e9sultant de leur utilisation.<\/p>\n<p><strong>Tribunal comp\u00e9tent :<\/strong><\/p>\n<p>Tout litige relatif \u00e0 l&rsquo;utilisation du site web d&rsquo;Harmonie Financement est soumis au droit fran\u00e7ais. En cas de litige, les tribunaux fran\u00e7ais seront comp\u00e9tents.<\/p>\n<p><strong>Contact :<\/strong><\/p>\n<p>Pour toute question ou demande d&rsquo;information, veuillez nous contacter \u00e0 l&rsquo;adresse suivante : <a href=\"mailto:contact@harmonie-financement.fr\">contact@harmonie-financement.fr<\/a> .<\/p>\n","protected":false},"excerpt":{"rendered":"<p>Mentions L\u00e9gales d&rsquo;Harmonie Financement Nom de la soci\u00e9t\u00e9 : Harmonie  [&#8230;]<\/p>\n","protected":false},"author":1,"featured_media":0,"parent":0,"menu_order":0,"comment_status":"closed","ping_status":"closed","template":"100-width.php","meta":{"footnotes":""},"class_list":["post-3510","page","type-page","status-publish","hentry"],"yoast_head":"<!-- This site is optimized with the Yoast SEO plugin v24.6 - https:\/\/yoast.com\/wordpress\/plugins\/seo\/ -->\n<title>Mentions l\u00e9gales - Harmonie-Financement - Laetitia Sellier<\/title>\n<meta name=\"robots\" content=\"index, follow, max-snippet:-1, max-image-preview:large, max-video-preview:-1\" \/>\n<link rel=\"canonical\" href=\"https:\/\/harmonie-financement.fr\/index.php\/mentions-legales\/\" \/>\n<meta property=\"og:locale\" content=\"fr_FR\" \/>\n<meta property=\"og:type\" content=\"article\" \/>\n<meta property=\"og:title\" content=\"Mentions l\u00e9gales - Harmonie-Financement - Laetitia Sellier\" \/>\n<meta property=\"og:description\" content=\"Mentions L\u00e9gales d&rsquo;Harmonie Financement Nom de la soci\u00e9t\u00e9 : Harmonie [...]\" \/>\n<meta property=\"og:url\" content=\"https:\/\/harmonie-financement.fr\/index.php\/mentions-legales\/\" \/>\n<meta property=\"og:site_name\" content=\"Harmonie-Financement - Laetitia Sellier\" \/>\n<meta property=\"article:publisher\" content=\"https:\/\/www.facebook.com\/harmoniefinancement\" \/>\n<meta name=\"twitter:card\" content=\"summary_large_image\" \/>\n<meta name=\"twitter:label1\" content=\"Dur\u00e9e de lecture estim\u00e9e\" \/>\n\t<meta name=\"twitter:data1\" content=\"2 minutes\" \/>\n<script type=\"application\/ld+json\" class=\"yoast-schema-graph\">{\"@context\":\"https:\/\/schema.org\",\"@graph\":[{\"@type\":\"WebPage\",\"@id\":\"https:\/\/harmonie-financement.fr\/index.php\/mentions-legales\/\",\"url\":\"https:\/\/harmonie-financement.fr\/index.php\/mentions-legales\/\",\"name\":\"Mentions l\u00e9gales - Harmonie-Financement - Laetitia Sellier\",\"isPartOf\":{\"@id\":\"https:\/\/harmonie-financement.fr\/#website\"},\"datePublished\":\"2023-12-30T10:31:36+00:00\",\"breadcrumb\":{\"@id\":\"https:\/\/harmonie-financement.fr\/index.php\/mentions-legales\/#breadcrumb\"},\"inLanguage\":\"fr-FR\",\"potentialAction\":[{\"@type\":\"ReadAction\",\"target\":[\"https:\/\/harmonie-financement.fr\/index.php\/mentions-legales\/\"]}]},{\"@type\":\"BreadcrumbList\",\"@id\":\"https:\/\/harmonie-financement.fr\/index.php\/mentions-legales\/#breadcrumb\",\"itemListElement\":[{\"@type\":\"ListItem\",\"position\":1,\"name\":\"Accueil\",\"item\":\"https:\/\/harmonie-financement.fr\/\"},{\"@type\":\"ListItem\",\"position\":2,\"name\":\"Mentions l\u00e9gales\"}]},{\"@type\":\"WebSite\",\"@id\":\"https:\/\/harmonie-financement.fr\/#website\",\"url\":\"https:\/\/harmonie-financement.fr\/\",\"name\":\"Harmonie-Financement - Laetitia Sellier\",\"description\":\"Regroupement de cr\u00e9dits sur Laon\",\"publisher\":{\"@id\":\"https:\/\/harmonie-financement.fr\/#\/schema\/person\/e81cf956c517a6bbf8e61e20a8b69200\"},\"potentialAction\":[{\"@type\":\"SearchAction\",\"target\":{\"@type\":\"EntryPoint\",\"urlTemplate\":\"https:\/\/harmonie-financement.fr\/?s={search_term_string}\"},\"query-input\":{\"@type\":\"PropertyValueSpecification\",\"valueRequired\":true,\"valueName\":\"search_term_string\"}}],\"inLanguage\":\"fr-FR\"},{\"@type\":[\"Person\",\"Organization\"],\"@id\":\"https:\/\/harmonie-financement.fr\/#\/schema\/person\/e81cf956c517a6bbf8e61e20a8b69200\",\"name\":\"admin1840\",\"image\":{\"@type\":\"ImageObject\",\"inLanguage\":\"fr-FR\",\"@id\":\"https:\/\/harmonie-financement.fr\/#\/schema\/person\/image\/\",\"url\":\"https:\/\/harmonie-financement.fr\/wp-content\/uploads\/2023\/11\/LogoCouleurs.png\",\"contentUrl\":\"https:\/\/harmonie-financement.fr\/wp-content\/uploads\/2023\/11\/LogoCouleurs.png\",\"width\":3188,\"height\":1391,\"caption\":\"admin1840\"},\"logo\":{\"@id\":\"https:\/\/harmonie-financement.fr\/#\/schema\/person\/image\/\"},\"sameAs\":[\"http:\/\/harmonie-financement.fr\",\"https:\/\/www.facebook.com\/harmoniefinancement\"]}]}<\/script>\n<!-- \/ Yoast SEO plugin. -->","yoast_head_json":{"title":"Mentions l\u00e9gales - Harmonie-Financement - Laetitia Sellier","robots":{"index":"index","follow":"follow","max-snippet":"max-snippet:-1","max-image-preview":"max-image-preview:large","max-video-preview":"max-video-preview:-1"},"canonical":"https:\/\/harmonie-financement.fr\/index.php\/mentions-legales\/","og_locale":"fr_FR","og_type":"article","og_title":"Mentions l\u00e9gales - Harmonie-Financement - Laetitia Sellier","og_description":"Mentions L\u00e9gales d&rsquo;Harmonie Financement Nom de la soci\u00e9t\u00e9 : Harmonie [...]","og_url":"https:\/\/harmonie-financement.fr\/index.php\/mentions-legales\/","og_site_name":"Harmonie-Financement - Laetitia Sellier","article_publisher":"https:\/\/www.facebook.com\/harmoniefinancement","twitter_card":"summary_large_image","twitter_misc":{"Dur\u00e9e de lecture estim\u00e9e":"2 minutes"},"schema":{"@context":"https:\/\/schema.org","@graph":[{"@type":"WebPage","@id":"https:\/\/harmonie-financement.fr\/index.php\/mentions-legales\/","url":"https:\/\/harmonie-financement.fr\/index.php\/mentions-legales\/","name":"Mentions l\u00e9gales - Harmonie-Financement - Laetitia Sellier","isPartOf":{"@id":"https:\/\/harmonie-financement.fr\/#website"},"datePublished":"2023-12-30T10:31:36+00:00","breadcrumb":{"@id":"https:\/\/harmonie-financement.fr\/index.php\/mentions-legales\/#breadcrumb"},"inLanguage":"fr-FR","potentialAction":[{"@type":"ReadAction","target":["https:\/\/harmonie-financement.fr\/index.php\/mentions-legales\/"]}]},{"@type":"BreadcrumbList","@id":"https:\/\/harmonie-financement.fr\/index.php\/mentions-legales\/#breadcrumb","itemListElement":[{"@type":"ListItem","position":1,"name":"Accueil","item":"https:\/\/harmonie-financement.fr\/"},{"@type":"ListItem","position":2,"name":"Mentions l\u00e9gales"}]},{"@type":"WebSite","@id":"https:\/\/harmonie-financement.fr\/#website","url":"https:\/\/harmonie-financement.fr\/","name":"Harmonie-Financement - Laetitia Sellier","description":"Regroupement de cr\u00e9dits sur Laon","publisher":{"@id":"https:\/\/harmonie-financement.fr\/#\/schema\/person\/e81cf956c517a6bbf8e61e20a8b69200"},"potentialAction":[{"@type":"SearchAction","target":{"@type":"EntryPoint","urlTemplate":"https:\/\/harmonie-financement.fr\/?s={search_term_string}"},"query-input":{"@type":"PropertyValueSpecification","valueRequired":true,"valueName":"search_term_string"}}],"inLanguage":"fr-FR"},{"@type":["Person","Organization"],"@id":"https:\/\/harmonie-financement.fr\/#\/schema\/person\/e81cf956c517a6bbf8e61e20a8b69200","name":"admin1840","image":{"@type":"ImageObject","inLanguage":"fr-FR","@id":"https:\/\/harmonie-financement.fr\/#\/schema\/person\/image\/","url":"https:\/\/harmonie-financement.fr\/wp-content\/uploads\/2023\/11\/LogoCouleurs.png","contentUrl":"https:\/\/harmonie-financement.fr\/wp-content\/uploads\/2023\/11\/LogoCouleurs.png","width":3188,"height":1391,"caption":"admin1840"},"logo":{"@id":"https:\/\/harmonie-financement.fr\/#\/schema\/person\/image\/"},"sameAs":["http:\/\/harmonie-financement.fr","https:\/\/www.facebook.com\/harmoniefinancement"]}]}},"_links":{"self":[{"href":"https:\/\/harmonie-financement.fr\/index.php\/wp-json\/wp\/v2\/pages\/3510","targetHints":{"allow":["GET"]}}],"collection":[{"href":"https:\/\/harmonie-financement.fr\/index.php\/wp-json\/wp\/v2\/pages"}],"about":[{"href":"https:\/\/harmonie-financement.fr\/index.php\/wp-json\/wp\/v2\/types\/page"}],"author":[{"embeddable":true,"href":"https:\/\/harmonie-financement.fr\/index.php\/wp-json\/wp\/v2\/users\/1"}],"replies":[{"embeddable":true,"href":"https:\/\/harmonie-financement.fr\/index.php\/wp-json\/wp\/v2\/comments?post=3510"}],"version-history":[{"count":1,"href":"https:\/\/harmonie-financement.fr\/index.php\/wp-json\/wp\/v2\/pages\/3510\/revisions"}],"predecessor-version":[{"id":3511,"href":"https:\/\/harmonie-financement.fr\/index.php\/wp-json\/wp\/v2\/pages\/3510\/revisions\/3511"}],"wp:attachment":[{"href":"https:\/\/harmonie-financement.fr\/index.php\/wp-json\/wp\/v2\/media?parent=3510"}],"curies":[{"name":"wp","href":"https:\/\/api.w.org\/{rel}","templated":true}]}}